{"id":330,"date":"2025-10-07T08:39:32","date_gmt":"2025-10-07T06:39:32","guid":{"rendered":"https:\/\/test.robertpisarski.pl.robertpisarski.pl\/?page_id=330"},"modified":"2025-10-07T08:56:18","modified_gmt":"2025-10-07T06:56:18","slug":"galeria","status":"publish","type":"page","link":"https:\/\/test.robertpisarski.pl.robertpisarski.pl\/?page_id=330","title":{"rendered":"Galeria"},"content":{"rendered":"\t\t<div data-elementor-type=\"wp-page\" data-elementor-id=\"330\" class=\"elementor elementor-330\" data-elementor-post-type=\"page\">\n\t\t\t\t<div class=\"elementor-element elementor-element-3aef3bf e-con-full e-flex e-con e-parent\" data-id=\"3aef3bf\" data-element_type=\"container\" data-settings=\"{&quot;background_background&quot;:&quot;classic&quot;}\">\n\t\t\t\t<div class=\"elementor-element elementor-element-266b6da elementor-widget elementor-widget-heading\" data-id=\"266b6da\" data-element_type=\"widget\" data-widget_type=\"heading.default\">\n\t\t\t\t\t<h2 class=\"elementor-heading-title elementor-size-default\">Galeria<\/h2>\t\t\t\t<\/div>\n\t\t\t\t<div class=\"elementor-element elementor-element-49b52ca elementor-widget elementor-widget-heading\" data-id=\"49b52ca\" data-element_type=\"widget\" data-widget_type=\"heading.default\">\n\t\t\t\t\t<h2 class=\"elementor-heading-title elementor-size-default\">Sprawd\u017a galerie realizacji<\/h2>\t\t\t\t<\/div>\n\t\t\t\t<div class=\"elementor-element elementor-element-7925722 elementor-widget-divider--view-line elementor-widget elementor-widget-divider\" data-id=\"7925722\" data-element_type=\"widget\" data-widget_type=\"divider.default\">\n\t\t\t\t\t\t\t<div class=\"elementor-divider\">\n\t\t\t<span class=\"elementor-divider-separator\">\n\t\t\t\t\t\t<\/span>\n\t\t<\/div>\n\t\t\t\t\t\t<\/div>\n\t\t\t\t<div class=\"elementor-element elementor-element-72596c8 elementor-widget__width-initial elementor-widget elementor-widget-text-editor\" data-id=\"72596c8\" data-element_type=\"widget\" data-widget_type=\"text-editor.default\">\n\t\t\t\t\t\t\t\t\t<p>Czy prze\u017cywacie wyj\u0105tkowy moment lub chcieliby\u015bcie podzi\u0119kowa\u0107 swoim najbli\u017cszym? Z moj\u0105 pomoc\u0105 stworzycie pami\u0105tk\u0119 na ca\u0142e \u017cycie. Sesje plenerowe ciesz\u0105 si\u0119 rosn\u0105c\u0105 popularno\u015bci\u0105 w\u015br\u00f3d os\u00f3b, kt\u00f3re pragn\u0105 nietuzinkowych zdj\u0119\u0107.\u00a0<\/p>\t\t\t\t\t\t\t\t<\/div>\n\t\t\t\t<\/div>\n\t\t<div class=\"elementor-element elementor-element-2f68f3e e-flex e-con-boxed e-con e-parent\" data-id=\"2f68f3e\" data-element_type=\"container\">\n\t\t\t\t\t<div class=\"e-con-inner\">\n\t\t\t\t<div class=\"elementor-element elementor-element-3ddef07 elementor-widget elementor-widget-heading\" data-id=\"3ddef07\" data-element_type=\"widget\" data-widget_type=\"heading.default\">\n\t\t\t\t\t<h2 class=\"elementor-heading-title elementor-size-default\">Galeria<\/h2>\t\t\t\t<\/div>\n\t\t\t\t<div class=\"elementor-element elementor-element-0c86123 elementor-widget elementor-widget-heading\" data-id=\"0c86123\" data-element_type=\"widget\" data-widget_type=\"heading.default\">\n\t\t\t\t\t<h2 class=\"elementor-heading-title elementor-size-default\">Sprawd\u017a galerie realizacji<\/h2>\t\t\t\t<\/div>\n\t\t\t\t<div class=\"elementor-element elementor-element-959ff4a elementor-widget elementor-widget-gallery\" data-id=\"959ff4a\" data-element_type=\"widget\" data-settings=\"{&quot;gallery_layout&quot;:&quot;justified&quot;,&quot;ideal_row_height&quot;:{&quot;unit&quot;:&quot;px&quot;,&quot;size&quot;:303,&quot;sizes&quot;:[]},&quot;gap&quot;:{&quot;unit&quot;:&quot;px&quot;,&quot;size&quot;:7,&quot;sizes&quot;:[]},&quot;lazyload&quot;:&quot;yes&quot;,&quot;ideal_row_height_tablet&quot;:{&quot;unit&quot;:&quot;px&quot;,&quot;size&quot;:150,&quot;sizes&quot;:[]},&quot;ideal_row_height_mobile&quot;:{&quot;unit&quot;:&quot;px&quot;,&quot;size&quot;:150,&quot;sizes&quot;:[]},&quot;gap_tablet&quot;:{&quot;unit&quot;:&quot;px&quot;,&quot;size&quot;:10,&quot;sizes&quot;:[]},&quot;gap_mobile&quot;:{&quot;unit&quot;:&quot;px&quot;,&quot;size&quot;:10,&quot;sizes&quot;:[]},&quot;link_to&quot;:&quot;file&quot;,&quot;overlay_background&quot;:&quot;yes&quot;,&quot;content_hover_animation&quot;:&quot;fade-in&quot;}\" data-widget_type=\"gallery.default\">\n\t\t\t\t\t\t\t<div class=\"elementor-gallery__container\">\n\t\t\t\t\t\t\t<a class=\"e-gallery-item elementor-gallery-item elementor-animated-content\" href=\"https:\/\/test.robertpisarski.pl.robertpisarski.pl\/wp-content\/uploads\/2025\/10\/sesja-nad-morzem-plener.webp\" data-elementor-open-lightbox=\"yes\" data-elementor-lightbox-slideshow=\"959ff4a\" data-elementor-lightbox-title=\"sesja-nad-morzem-plener\" data-e-action-hash=\"#elementor-action%3Aaction%3Dlightbox%26settings%3DeyJpZCI6MzA0LCJ1cmwiOiJodHRwczpcL1wvdGVzdC5yb2JlcnRwaXNhcnNraS5wbC5yb2JlcnRwaXNhcnNraS5wbFwvd3AtY29udGVudFwvdXBsb2Fkc1wvMjAyNVwvMTBcL3Nlc2phLW5hZC1tb3J6ZW0tcGxlbmVyLndlYnAiLCJzbGlkZXNob3ciOiI5NTlmZjRhIn0%3D\">\n\t\t\t\t\t<div class=\"e-gallery-image elementor-gallery-item__image\" data-thumbnail=\"https:\/\/test.robertpisarski.pl.robertpisarski.pl\/wp-content\/uploads\/2025\/10\/sesja-nad-morzem-plener.webp\" data-width=\"1000\" data-height=\"668\" aria-label=\"\" role=\"img\" ><\/div>\n\t\t\t\t\t\t\t\t\t\t\t<div class=\"elementor-gallery-item__overlay\"><\/div>\n\t\t\t\t\t\t\t\t\t\t\t\t\t\t<\/a>\n\t\t\t\t\t\t\t<a class=\"e-gallery-item elementor-gallery-item elementor-animated-content\" href=\"https:\/\/test.robertpisarski.pl.robertpisarski.pl\/wp-content\/uploads\/2025\/10\/314-org_8a64ea7a1756fdf5993772ceeace6eb7.webp\" data-elementor-open-lightbox=\"yes\" data-elementor-lightbox-slideshow=\"959ff4a\" data-elementor-lightbox-title=\"314-org_8a64ea7a1756fdf5993772ceeace6eb7\" data-e-action-hash=\"#elementor-action%3Aaction%3Dlightbox%26settings%3DeyJpZCI6MjgzLCJ1cmwiOiJodHRwczpcL1wvdGVzdC5yb2JlcnRwaXNhcnNraS5wbC5yb2JlcnRwaXNhcnNraS5wbFwvd3AtY29udGVudFwvdXBsb2Fkc1wvMjAyNVwvMTBcLzMxNC1vcmdfOGE2NGVhN2ExNzU2ZmRmNTk5Mzc3MmNlZWFjZTZlYjcud2VicCIsInNsaWRlc2hvdyI6Ijk1OWZmNGEifQ%3D%3D\">\n\t\t\t\t\t<div class=\"e-gallery-image elementor-gallery-item__image\" data-thumbnail=\"https:\/\/test.robertpisarski.pl.robertpisarski.pl\/wp-content\/uploads\/2025\/10\/314-org_8a64ea7a1756fdf5993772ceeace6eb7.webp\" data-width=\"1400\" data-height=\"935\" aria-label=\"\" role=\"img\" ><\/div>\n\t\t\t\t\t\t\t\t\t\t\t<div class=\"elementor-gallery-item__overlay\"><\/div>\n\t\t\t\t\t\t\t\t\t\t\t\t\t\t<\/a>\n\t\t\t\t\t\t\t<a class=\"e-gallery-item elementor-gallery-item elementor-animated-content\" href=\"https:\/\/test.robertpisarski.pl.robertpisarski.pl\/wp-content\/uploads\/2025\/10\/282-org_1445817b82041afdc9ce678d96e14870.webp\" data-elementor-open-lightbox=\"yes\" data-elementor-lightbox-slideshow=\"959ff4a\" data-elementor-lightbox-title=\"282-org_1445817b82041afdc9ce678d96e14870\" data-e-action-hash=\"#elementor-action%3Aaction%3Dlightbox%26settings%3DeyJpZCI6Mjk0LCJ1cmwiOiJodHRwczpcL1wvdGVzdC5yb2JlcnRwaXNhcnNraS5wbC5yb2JlcnRwaXNhcnNraS5wbFwvd3AtY29udGVudFwvdXBsb2Fkc1wvMjAyNVwvMTBcLzI4Mi1vcmdfMTQ0NTgxN2I4MjA0MWFmZGM5Y2U2NzhkOTZlMTQ4NzAud2VicCIsInNsaWRlc2hvdyI6Ijk1OWZmNGEifQ%3D%3D\">\n\t\t\t\t\t<div class=\"e-gallery-image elementor-gallery-item__image\" data-thumbnail=\"https:\/\/test.robertpisarski.pl.robertpisarski.pl\/wp-content\/uploads\/2025\/10\/282-org_1445817b82041afdc9ce678d96e14870.webp\" data-width=\"1400\" data-height=\"935\" aria-label=\"\" role=\"img\" ><\/div>\n\t\t\t\t\t\t\t\t\t\t\t<div class=\"elementor-gallery-item__overlay\"><\/div>\n\t\t\t\t\t\t\t\t\t\t\t\t\t\t<\/a>\n\t\t\t\t\t\t\t<a class=\"e-gallery-item elementor-gallery-item elementor-animated-content\" href=\"https:\/\/test.robertpisarski.pl.robertpisarski.pl\/wp-content\/uploads\/2025\/10\/2205-org_6407c60aa660233fefa161183e6bf025.webp\" data-elementor-open-lightbox=\"yes\" data-elementor-lightbox-slideshow=\"959ff4a\" data-elementor-lightbox-title=\"2205-org_6407c60aa660233fefa161183e6bf025\" data-e-action-hash=\"#elementor-action%3Aaction%3Dlightbox%26settings%3DeyJpZCI6MjA1LCJ1cmwiOiJodHRwczpcL1wvdGVzdC5yb2JlcnRwaXNhcnNraS5wbC5yb2JlcnRwaXNhcnNraS5wbFwvd3AtY29udGVudFwvdXBsb2Fkc1wvMjAyNVwvMTBcLzIyMDUtb3JnXzY0MDdjNjBhYTY2MDIzM2ZlZmExNjExODNlNmJmMDI1LndlYnAiLCJzbGlkZXNob3ciOiI5NTlmZjRhIn0%3D\">\n\t\t\t\t\t<div class=\"e-gallery-image elementor-gallery-item__image\" data-thumbnail=\"https:\/\/test.robertpisarski.pl.robertpisarski.pl\/wp-content\/uploads\/2025\/10\/2205-org_6407c60aa660233fefa161183e6bf025.webp\" data-width=\"1000\" data-height=\"668\" aria-label=\"\" role=\"img\" ><\/div>\n\t\t\t\t\t\t\t\t\t\t\t<div class=\"elementor-gallery-item__overlay\"><\/div>\n\t\t\t\t\t\t\t\t\t\t\t\t\t\t<\/a>\n\t\t\t\t\t\t\t<a class=\"e-gallery-item elementor-gallery-item elementor-animated-content\" href=\"https:\/\/test.robertpisarski.pl.robertpisarski.pl\/wp-content\/uploads\/2025\/10\/378-org_862c53e8fb8432897a654a5d2d6368e3.webp\" data-elementor-open-lightbox=\"yes\" data-elementor-lightbox-slideshow=\"959ff4a\" data-elementor-lightbox-title=\"378-org_862c53e8fb8432897a654a5d2d6368e3\" data-e-action-hash=\"#elementor-action%3Aaction%3Dlightbox%26settings%3DeyJpZCI6MTgyLCJ1cmwiOiJodHRwczpcL1wvdGVzdC5yb2JlcnRwaXNhcnNraS5wbC5yb2JlcnRwaXNhcnNraS5wbFwvd3AtY29udGVudFwvdXBsb2Fkc1wvMjAyNVwvMTBcLzM3OC1vcmdfODYyYzUzZThmYjg0MzI4OTdhNjU0YTVkMmQ2MzY4ZTMud2VicCIsInNsaWRlc2hvdyI6Ijk1OWZmNGEifQ%3D%3D\">\n\t\t\t\t\t<div class=\"e-gallery-image elementor-gallery-item__image\" data-thumbnail=\"https:\/\/test.robertpisarski.pl.robertpisarski.pl\/wp-content\/uploads\/2025\/10\/378-org_862c53e8fb8432897a654a5d2d6368e3.webp\" data-width=\"1400\" data-height=\"935\" aria-label=\"\" role=\"img\" ><\/div>\n\t\t\t\t\t\t\t\t\t\t\t<div class=\"elementor-gallery-item__overlay\"><\/div>\n\t\t\t\t\t\t\t\t\t\t\t\t\t\t<\/a>\n\t\t\t\t\t\t\t<a class=\"e-gallery-item elementor-gallery-item elementor-animated-content\" href=\"https:\/\/test.robertpisarski.pl.robertpisarski.pl\/wp-content\/uploads\/2025\/10\/plener_165-1-1.webp\" data-elementor-open-lightbox=\"yes\" data-elementor-lightbox-slideshow=\"959ff4a\" data-elementor-lightbox-title=\"plener_165-1\" data-e-action-hash=\"#elementor-action%3Aaction%3Dlightbox%26settings%3DeyJpZCI6MjA0LCJ1cmwiOiJodHRwczpcL1wvdGVzdC5yb2JlcnRwaXNhcnNraS5wbC5yb2JlcnRwaXNhcnNraS5wbFwvd3AtY29udGVudFwvdXBsb2Fkc1wvMjAyNVwvMTBcL3BsZW5lcl8xNjUtMS0xLndlYnAiLCJzbGlkZXNob3ciOiI5NTlmZjRhIn0%3D\">\n\t\t\t\t\t<div class=\"e-gallery-image elementor-gallery-item__image\" data-thumbnail=\"https:\/\/test.robertpisarski.pl.robertpisarski.pl\/wp-content\/uploads\/2025\/10\/plener_165-1-1.webp\" data-width=\"1000\" data-height=\"667\" aria-label=\"\" role=\"img\" ><\/div>\n\t\t\t\t\t\t\t\t\t\t\t<div class=\"elementor-gallery-item__overlay\"><\/div>\n\t\t\t\t\t\t\t\t\t\t\t\t\t\t<\/a>\n\t\t\t\t\t<\/div>\n\t\t\t\t\t<\/div>\n\t\t\t\t\t<\/div>\n\t\t\t\t<\/div>\n\t\t\t\t<\/div>\n\t\t","protected":false},"excerpt":{"rendered":"<p>Galeria Sprawd\u017a galerie realizacji Czy prze\u017cywacie wyj\u0105tkowy moment lub chcieliby\u015bcie podzi\u0119kowa\u0107 swoim najbli\u017cszym? Z moj\u0105 pomoc\u0105 stworzycie pami\u0105tk\u0119 na ca\u0142e [&hellip;]<\/p>\n","protected":false},"author":1,"featured_media":0,"parent":0,"menu_order":0,"comment_status":"closed","ping_status":"closed","template":"","meta":{"site-sidebar-layout":"no-sidebar","site-content-layout":"","ast-site-content-layout":"full-width-container","site-content-style":"default","site-sidebar-style":"default","ast-global-header-display":"","ast-banner-title-visibility":"","ast-main-header-display":"","ast-hfb-above-header-display":"","ast-hfb-below-header-display":"","ast-hfb-mobile-header-display":"","site-post-title":"","ast-breadcrumbs-content":"","ast-featured-img":"disabled","footer-sml-layout":"","theme-transparent-header-meta":"","adv-header-id-meta":"","stick-header-meta":"","header-above-stick-meta":"","header-main-stick-meta":"","header-below-stick-meta":"","astra-migrate-meta-layouts":"default","ast-page-background-enabled":"default","ast-page-background-meta":{"desktop":{"background-color":"var(--ast-global-color-5)","background-image":"","background-repeat":"repeat","background-position":"center center","background-size":"auto","background-attachment":"scroll","background-type":"","background-media":"","overlay-type":"","overlay-color":"","overlay-opacity":"","overlay-gradient":""},"tablet":{"background-color":"","background-image":"","background-repeat":"repeat","background-position":"center center","background-size":"auto","background-attachment":"scroll","background-type":"","background-media":"","overlay-type":"","overlay-color":"","overlay-opacity":"","overlay-gradient":""},"mobile":{"background-color":"","background-image":"","background-repeat":"repeat","background-position":"center center","background-size":"auto","background-attachment":"scroll","background-type":"","background-media":"","overlay-type":"","overlay-color":"","overlay-opacity":"","overlay-gradient":""}},"ast-content-background-meta":{"desktop":{"background-color":"var(--ast-global-color-4)","background-image":"","background-repeat":"repeat","background-position":"center center","background-size":"auto","background-attachment":"scroll","background-type":"","background-media":"","overlay-type":"","overlay-color":"","overlay-opacity":"","overlay-gradient":""},"tablet":{"background-color":"var(--ast-global-color-4)","background-image":"","background-repeat":"repeat","background-position":"center center","background-size":"auto","background-attachment":"scroll","background-type":"","background-media":"","overlay-type":"","overlay-color":"","overlay-opacity":"","overlay-gradient":""},"mobile":{"background-color":"var(--ast-global-color-4)","background-image":"","background-repeat":"repeat","background-position":"center center","background-size":"auto","background-attachment":"scroll","background-type":"","background-media":"","overlay-type":"","overlay-color":"","overlay-opacity":"","overlay-gradient":""}},"footnotes":""},"class_list":["post-330","page","type-page","status-publish","hentry"],"_links":{"self":[{"href":"https:\/\/test.robertpisarski.pl.robertpisarski.pl\/index.php?rest_route=\/wp\/v2\/pages\/330","targetHints":{"allow":["GET"]}}],"collection":[{"href":"https:\/\/test.robertpisarski.pl.robertpisarski.pl\/index.php?rest_route=\/wp\/v2\/pages"}],"about":[{"href":"https:\/\/test.robertpisarski.pl.robertpisarski.pl\/index.php?rest_route=\/wp\/v2\/types\/page"}],"author":[{"embeddable":true,"href":"https:\/\/test.robertpisarski.pl.robertpisarski.pl\/index.php?rest_route=\/wp\/v2\/users\/1"}],"replies":[{"embeddable":true,"href":"https:\/\/test.robertpisarski.pl.robertpisarski.pl\/index.php?rest_route=%2Fwp%2Fv2%2Fcomments&post=330"}],"version-history":[{"count":0,"href":"https:\/\/test.robertpisarski.pl.robertpisarski.pl\/index.php?rest_route=\/wp\/v2\/pages\/330\/revisions"}],"wp:attachment":[{"href":"https:\/\/test.robertpisarski.pl.robertpisarski.pl\/index.php?rest_route=%2Fwp%2Fv2%2Fmedia&parent=330"}],"curies":[{"name":"wp","href":"https:\/\/api.w.org\/{rel}","templated":true}]}}